{"id":2933,"date":"2023-06-16T09:55:18","date_gmt":"2023-06-16T07:55:18","guid":{"rendered":"https:\/\/casasartori1898.it\/?page_id=2933"},"modified":"2023-06-28T10:51:23","modified_gmt":"2023-06-28T08:51:23","slug":"wine-shop","status":"publish","type":"page","link":"https:\/\/casasartori1898.it\/en\/hospitality\/wine-shop\/","title":{"rendered":"Wine Shop"},"content":{"rendered":"[vc_row full_width=&#8221;stretch_row_content_no_spaces&#8221; content_placement=&#8221;middle&#8221; video_bg=&#8221;self_hosted&#8221; video_bg_center=&#8221;true&#8221; video_bg_mp4=&#8221;https:\/\/casasartori1898.it\/wp-content\/uploads\/2023\/02\/SAR_SLIDESHOW_WINESHOP_650.mp4&#8243; el_class=&#8221;ospitalita_riga_slide&#8221;][vc_column][vc_column_text css_animation=&#8221;fadeIn&#8221; text_align=&#8221;center&#8221;]<img decoding=\"async\" class=\"alignnone size-medium wp-image-307\" src=\"https:\/\/casasartori1898.it\/wp-content\/uploads\/2023\/02\/Raggruppa-87.svg\" alt=\"\" width=\"330\" \/>[\/vc_column_text][\/vc_column][\/vc_row][vc_row css_animation=&#8221;fadeInUp&#8221; full_width=&#8221;stretch_row_content&#8221; content_placement=&#8221;middle&#8221; el_class=&#8221;home_riga_su_slider riga_bottoni&#8221;][vc_column width=&#8221;3\/12&#8243;][\/vc_column][vc_column width=&#8221;6\/12&#8243;][vc_row_inner][vc_column_inner width=&#8221;1\/2&#8243;]<style>.vcex_69e0f16ac9af6{font-size:26px!important;}@media (max-width:1024px){.vcex_69e0f16ac9af6{font-size:18px!important;}}@media (max-width:959px){.vcex_69e0f16ac9af6{font-size:18px!important;}}@media (max-width:767px){.vcex_69e0f16ac9af6{font-size:18px!important;}}@media (max-width:479px){.vcex_69e0f16ac9af6{font-size:18px!important;}}<\/style><div class=\"theme-button-wrap textcenter wpex-clr\"><a href=\"https:\/\/casasartori1898.it\/en\/hospitality\/casa-sartori-events\/\" class=\"vcex-button theme-button align-center inline wpex-flex-shrink-0 vcex_69e0f16ac9af6\" style=\"background:#af8a47;color:#ffffff;font-weight:200;border-radius:0;width:360px;text-transform:uppercase;font-family:Outfit;\" data-wpex-hover='{&quot;background&quot;:&quot;#ffffff&quot;,&quot;color&quot;:&quot;#af8a47&quot;}'><span class=\"theme-button-inner\">CASA SARTORI EVENTS<\/span><\/a><\/div> [\/vc_column_inner][vc_column_inner el_class=&#8221;margin_top_20_mobile&#8221; width=&#8221;1\/2&#8243;]<style>.vcex_69e0f16ac9e97{font-size:26px!important;}@media (max-width:1024px){.vcex_69e0f16ac9e97{font-size:18px!important;}}@media (max-width:959px){.vcex_69e0f16ac9e97{font-size:18px!important;}}@media (max-width:767px){.vcex_69e0f16ac9e97{font-size:18px!important;}}@media (max-width:479px){.vcex_69e0f16ac9e97{font-size:18px!important;}}<\/style><div class=\"theme-button-wrap textcenter wpex-clr\"><a href=\"https:\/\/casasartori1898.it\/en\/hospitality\/private-functions\/\" class=\"vcex-button theme-button align-center inline wpex-flex-shrink-0 vcex_69e0f16ac9e97\" style=\"background:#af8a47;color:#ffffff;font-weight:200;border-radius:0;width:360px;text-transform:uppercase;font-family:Outfit;\" data-wpex-hover='{&quot;background&quot;:&quot;#ffffff&quot;,&quot;color&quot;:&quot;#af8a47&quot;}'><span class=\"theme-button-inner\">PRIVATE FUNCTIONS<\/span><\/a><\/div> [\/vc_column_inner][\/vc_row_inner][\/vc_column][vc_column width=&#8221;3\/12&#8243;][\/vc_column][\/vc_row][vc_row][vc_column]<nav class=\"vcex-breadcrumbs vcex-breadcrumbs--links-inherit-color vcex-breadcrumbs--custom-color vc_custom_1677050265737\" style=\"color:#ffffff;font-size:16px;font-family:Outfit;\" itemscope itemtype=\"http:\/\/schema.org\/BreadcrumbList\"><nav aria-label=\"breadcrumbs\" class=\"rank-math-breadcrumb\"><p><span class=\"last\">Home<\/span><\/p><\/nav><\/nav>[\/vc_column][\/vc_row][vc_row el_class=&#8221;margin_top_60&#8243;][vc_column][vc_column_text css_animation=&#8221;fadeInRight&#8221; color=&#8221;#ffffff&#8221; el_class=&#8221;titolo2 text_align_right_desktop&#8221;]\n<h2><span style=\"color: #af8a47;\">WELCOME<\/span> TO THE CASA SARTORI 1898 WINE SHOP<\/h2>\n[\/vc_column_text][vc_column_text css_animation=&#8221;fadeInLeft&#8221; el_class=&#8221;paragrafo padding_right_33 margin_top_40 margin_top_20_mobile&#8221; color=&#8221;#ffffff&#8221;]Within the walls of our Wine Shop you can experience our family heritage \u2013 one that\u2019s always been devoted to our local area, and savour the fruits of an oenological tradition that\u2019s over 125 years long. Today, our shop is a small gem of modernity and respect for the environment, where good taste and an appreciation of beauty will gift you with enduring memories.[\/vc_column_text][\/vc_column][\/vc_row][vc_row el_class=&#8221;margin_top_100&#8243;][vc_column][vc_column_text css_animation=&#8221;fadeIn&#8221; color=&#8221;#ffffff&#8221; el_class=&#8221;titolo2&#8243; text_transform=&#8221;uppercase&#8221;]\n<h2>A CARBON-NEUTRAL WINE SHOP<\/h2>\n[\/vc_column_text][vc_raw_html]JTNDZGl2JTIwY2xhc3MlM0QlMjJzeCUyMiUzRTEwMCUyNSUzQyUyRmRpdiUzRSUwQSUzQ2RpdiUyMGNsYXNzJTNEJTIyZHglMjIlM0VGUk9NJTIwUkVORVdBQkxFJTIwU09VUkNFUyUzQyUyRmRpdiUzRQ==[\/vc_raw_html][vc_column_text css_animation=&#8221;fadeInRight&#8221; el_class=&#8221;paragrafo padding_left_34 margin_top_65&#8243; color=&#8221;#ffffff&#8221;]We support land reclamation projects throughout the world. But you don\u2019t need to travel to experience our commitment first-hand: all the energy used for our Wine Shop comes from 100% renewable sources. One more small yet significant step towards a more sustainable future.[\/vc_column_text][\/vc_column][\/vc_row][vc_row content_placement=&#8221;bottom&#8221; el_class=&#8221;wineshop_riga_sovrapposizione1 margin_top_30&#8243;][vc_column width=&#8221;1\/2&#8243;][vc_single_image image=&#8221;707&#8243; css_animation=&#8221;fadeInDown&#8221;][\/vc_column][vc_column width=&#8221;1\/2&#8243;][vc_column_text css_animation=&#8221;fadeInRight&#8221; color=&#8221;#ffffff&#8221; font_size=&#8221;19px&#8221; font_family=&#8221;Outfit&#8221; line_height=&#8221;23px&#8221; font_weight=&#8221;200&#8243; el_class=&#8221;paragrafo&#8221;]Guanar\u00e9 Forest Plantation Project[\/vc_column_text][vc_column_text css_animation=&#8221;fadeInRight&#8221; color=&#8221;#ffffff&#8221; font_size=&#8221;18px&#8221; font_family=&#8221;Outfit&#8221; line_height=&#8221;24px&#8221; font_weight=&#8221;200&#8243;]Uruguay, Guanar\u00e9[\/vc_column_text][\/vc_column][\/vc_row][vc_row content_placement=&#8221;bottom&#8221; el_class=&#8221;margin_top_20_mobile wineshop_riga_sovrapposizione2&#8243;][vc_column width=&#8221;1\/4&#8243; el_class=&#8221;order_2_mobile&#8221;][vc_column_text css_animation=&#8221;fadeInLeft&#8221; color=&#8221;#ffffff&#8221; font_size=&#8221;19px&#8221; font_family=&#8221;Outfit&#8221; line_height=&#8221;23px&#8221; font_weight=&#8221;200&#8243; el_class=&#8221;paragrafo text_align_right_desktop&#8221;]Boyabat Hydroelectric Power Plant[\/vc_column_text][vc_column_text css_animation=&#8221;fadeInLeft&#8221; color=&#8221;#ffffff&#8221; font_size=&#8221;18px&#8221; font_family=&#8221;Outfit&#8221; line_height=&#8221;24px&#8221; font_weight=&#8221;200&#8243; el_class=&#8221;text_align_right_desktop&#8221;]Turchia, fiume K\u0131z\u0131l\u0131rmak[\/vc_column_text][\/vc_column][vc_column width=&#8221;1\/4&#8243; wpex_zindex=&#8221;-1&#8243; el_class=&#8221;order_1_mobile wineshop_riga_sovrapposizione2_immagine&#8221;][vc_single_image image=&#8221;708&#8243; css_animation=&#8221;fadeInLeft&#8221;][\/vc_column][vc_column width=&#8221;1\/4&#8243; wpex_zindex=&#8221;10&#8243;][vc_single_image image=&#8221;710&#8243; css_animation=&#8221;fadeInRight&#8221;][\/vc_column][vc_column width=&#8221;1\/4&#8243;][\/vc_column][\/vc_row][vc_row content_placement=&#8221;bottom&#8221; el_class=&#8221;margin_top_20_mobile wineshop_riga_sovrapposizione3&#8243;][vc_column width=&#8221;1\/2&#8243;][vc_single_image image=&#8221;709&#8243; css_animation=&#8221;fadeInUp&#8221;][\/vc_column][vc_column css_animation=&#8221;fadeInRight&#8221; width=&#8221;1\/2&#8243;][vc_column_text color=&#8221;#ffffff&#8221; font_size=&#8221;19px&#8221; font_family=&#8221;Outfit&#8221; line_height=&#8221;23px&#8221; font_weight=&#8221;200&#8243; el_class=&#8221;paragrafo wineshop_riga_sovrapposizione3_testo&#8221;]Visit our climate page to learn about our projects linked to sustainability in real time.[\/vc_column_text][vc_column_text el_class=&#8221;paragrafo&#8221; css=&#8221;.vc_custom_1678880936651{margin-top: 20px !important;}&#8221;]<a href=\"https:\/\/plant.u2y.io\/brands\/1165\" target=\"_blank\" rel=\"noopener\"><img loading=\"lazy\" decoding=\"async\" class=\"alignnone size-medium wp-image-121\" src=\"https:\/\/casasartori1898.it\/wp-content\/uploads\/2023\/02\/Raggruppa-190.svg\" alt=\"\" width=\"60\" height=\"60\" \/><\/a>[\/vc_column_text][vc_column_text color=&#8221;#ffffff&#8221; font_size=&#8221;19px&#8221; font_family=&#8221;Outfit&#8221; line_height=&#8221;23px&#8221; font_weight=&#8221;200&#8243; el_class=&#8221;paragrafo&#8221; css=&#8221;.vc_custom_1676886985747{margin-top: 20px !important;}&#8221;]Boyabat Hydroelectric Power Plant[\/vc_column_text][vc_column_text color=&#8221;#ffffff&#8221; font_size=&#8221;18px&#8221; font_family=&#8221;Outfit&#8221; line_height=&#8221;24px&#8221; font_weight=&#8221;200&#8243;]Turchia, fiume K\u0131z\u0131l\u0131rmak[\/vc_column_text][\/vc_column][\/vc_row][vc_row full_width=&#8221;stretch_row_content_no_spaces&#8221; el_class=&#8221;margin_top_110&#8243;][vc_column]<style>.vcex_69e0f16acc0fb{--wpex-carousel-gap:15px;}.vcex_69e0f16acc0fb{--wpex-carousel-columns:1;}.vcex_69e0f16acc0fb.wpex-carousel:not(.owl-loaded) > *:not(:nth-child(1n+2)) {display: flex !important;}@media only screen and (min-width: 480px) {.vcex_69e0f16acc0fb{--wpex-carousel-columns:1;}.vcex_69e0f16acc0fb.wpex-carousel:not(.owl-loaded) > *:not(:nth-child(1n+2)) {display: flex !important;}}@media only screen and (min-width: 768px) {.vcex_69e0f16acc0fb{--wpex-carousel-columns:1;}.vcex_69e0f16acc0fb.wpex-carousel:not(.owl-loaded) > *:not(:nth-child(1n+2)) {display: flex !important;}}@media only screen and (min-width: 960px) {.vcex_69e0f16acc0fb{--wpex-carousel-columns:1;}.vcex_69e0f16acc0fb.wpex-carousel:not(.owl-loaded) > *:not(:nth-child(1n+2)) {display: flex !important;}}<\/style><div class=\"owl-wrapper-outer\"><div class=\"vcex-module wpex-carousel wpex-carousel-images wpex-clr owl-carousel wpex-carousel--render-onload vcex_69e0f16acc0fb arrwstyle-min arrwpos-abs\" data-wpex-carousel=\"{&quot;items&quot;:1,&quot;responsive&quot;:{&quot;0&quot;:{&quot;items&quot;:&quot;1&quot;},&quot;480&quot;:{&quot;items&quot;:1},&quot;768&quot;:{&quot;items&quot;:1},&quot;960&quot;:{&quot;items&quot;:1}},&quot;autoHeight&quot;:&quot;true&quot;}\"><div class=\"wpex-carousel-slide textcenter\"><figure class=\"wpex-carousel-entry-media entry-media wpex-mb-20\"><img loading=\"lazy\" decoding=\"async\" data-no-lazy=\"1\" class=\"wpex-align-middle skip-lazy\" src=\"https:\/\/casasartori1898.it\/wp-content\/uploads\/2023\/03\/1-1.jpg\" alt=\"\" srcset=\"https:\/\/casasartori1898.it\/wp-content\/uploads\/2023\/03\/1-1.jpg 1920w, https:\/\/casasartori1898.it\/wp-content\/uploads\/2023\/03\/1-1-300x102.jpg 300w, https:\/\/casasartori1898.it\/wp-content\/uploads\/2023\/03\/1-1-1024x347.jpg 1024w, https:\/\/casasartori1898.it\/wp-content\/uploads\/2023\/03\/1-1-768x260.jpg 768w, https:\/\/casasartori1898.it\/wp-content\/uploads\/2023\/03\/1-1-1536x520.jpg 1536w, https:\/\/casasartori1898.it\/wp-content\/uploads\/2023\/03\/1-1-24x8.jpg 24w, https:\/\/casasartori1898.it\/wp-content\/uploads\/2023\/03\/1-1-36x12.jpg 36w, https:\/\/casasartori1898.it\/wp-content\/uploads\/2023\/03\/1-1-48x16.jpg 48w\" width=\"1920\" height=\"650\"><\/figure><\/div><div class=\"wpex-carousel-slide textcenter\"><figure class=\"wpex-carousel-entry-media entry-media wpex-mb-20\"><img loading=\"lazy\" decoding=\"async\" data-no-lazy=\"1\" class=\"wpex-align-middle skip-lazy\" src=\"https:\/\/casasartori1898.it\/wp-content\/uploads\/2023\/03\/2-1.jpg\" alt=\"\" srcset=\"https:\/\/casasartori1898.it\/wp-content\/uploads\/2023\/03\/2-1.jpg 1920w, https:\/\/casasartori1898.it\/wp-content\/uploads\/2023\/03\/2-1-300x102.jpg 300w, https:\/\/casasartori1898.it\/wp-content\/uploads\/2023\/03\/2-1-1024x347.jpg 1024w, https:\/\/casasartori1898.it\/wp-content\/uploads\/2023\/03\/2-1-768x260.jpg 768w, https:\/\/casasartori1898.it\/wp-content\/uploads\/2023\/03\/2-1-1536x520.jpg 1536w, https:\/\/casasartori1898.it\/wp-content\/uploads\/2023\/03\/2-1-24x8.jpg 24w, https:\/\/casasartori1898.it\/wp-content\/uploads\/2023\/03\/2-1-36x12.jpg 36w, https:\/\/casasartori1898.it\/wp-content\/uploads\/2023\/03\/2-1-48x16.jpg 48w\" width=\"1920\" height=\"650\"><\/figure><\/div><div class=\"wpex-carousel-slide textcenter\"><figure class=\"wpex-carousel-entry-media entry-media wpex-mb-20\"><img loading=\"lazy\" decoding=\"async\" data-no-lazy=\"1\" class=\"wpex-align-middle skip-lazy\" src=\"https:\/\/casasartori1898.it\/wp-content\/uploads\/2023\/03\/3-1.jpg\" alt=\"\" srcset=\"https:\/\/casasartori1898.it\/wp-content\/uploads\/2023\/03\/3-1.jpg 1920w, https:\/\/casasartori1898.it\/wp-content\/uploads\/2023\/03\/3-1-300x102.jpg 300w, https:\/\/casasartori1898.it\/wp-content\/uploads\/2023\/03\/3-1-1024x347.jpg 1024w, https:\/\/casasartori1898.it\/wp-content\/uploads\/2023\/03\/3-1-768x260.jpg 768w, https:\/\/casasartori1898.it\/wp-content\/uploads\/2023\/03\/3-1-1536x520.jpg 1536w, https:\/\/casasartori1898.it\/wp-content\/uploads\/2023\/03\/3-1-24x8.jpg 24w, https:\/\/casasartori1898.it\/wp-content\/uploads\/2023\/03\/3-1-36x12.jpg 36w, https:\/\/casasartori1898.it\/wp-content\/uploads\/2023\/03\/3-1-48x16.jpg 48w\" width=\"1920\" height=\"650\"><\/figure><\/div><div class=\"wpex-carousel-slide textcenter\"><figure class=\"wpex-carousel-entry-media entry-media wpex-mb-20\"><img loading=\"lazy\" decoding=\"async\" data-no-lazy=\"1\" class=\"wpex-align-middle skip-lazy\" src=\"https:\/\/casasartori1898.it\/wp-content\/uploads\/2023\/03\/4-1.jpg\" alt=\"\" srcset=\"https:\/\/casasartori1898.it\/wp-content\/uploads\/2023\/03\/4-1.jpg 1920w, https:\/\/casasartori1898.it\/wp-content\/uploads\/2023\/03\/4-1-300x102.jpg 300w, https:\/\/casasartori1898.it\/wp-content\/uploads\/2023\/03\/4-1-1024x347.jpg 1024w, https:\/\/casasartori1898.it\/wp-content\/uploads\/2023\/03\/4-1-768x260.jpg 768w, https:\/\/casasartori1898.it\/wp-content\/uploads\/2023\/03\/4-1-1536x520.jpg 1536w, https:\/\/casasartori1898.it\/wp-content\/uploads\/2023\/03\/4-1-24x8.jpg 24w, https:\/\/casasartori1898.it\/wp-content\/uploads\/2023\/03\/4-1-36x12.jpg 36w, https:\/\/casasartori1898.it\/wp-content\/uploads\/2023\/03\/4-1-48x16.jpg 48w\" width=\"1920\" height=\"650\"><\/figure><\/div><div class=\"wpex-carousel-slide textcenter\"><figure class=\"wpex-carousel-entry-media entry-media wpex-mb-20\"><img loading=\"lazy\" decoding=\"async\" data-no-lazy=\"1\" class=\"wpex-align-middle skip-lazy\" src=\"https:\/\/casasartori1898.it\/wp-content\/uploads\/2023\/03\/5-1.jpg\" alt=\"\" srcset=\"https:\/\/casasartori1898.it\/wp-content\/uploads\/2023\/03\/5-1.jpg 1920w, https:\/\/casasartori1898.it\/wp-content\/uploads\/2023\/03\/5-1-300x102.jpg 300w, https:\/\/casasartori1898.it\/wp-content\/uploads\/2023\/03\/5-1-1024x347.jpg 1024w, https:\/\/casasartori1898.it\/wp-content\/uploads\/2023\/03\/5-1-768x260.jpg 768w, https:\/\/casasartori1898.it\/wp-content\/uploads\/2023\/03\/5-1-1536x520.jpg 1536w, https:\/\/casasartori1898.it\/wp-content\/uploads\/2023\/03\/5-1-24x8.jpg 24w, https:\/\/casasartori1898.it\/wp-content\/uploads\/2023\/03\/5-1-36x12.jpg 36w, https:\/\/casasartori1898.it\/wp-content\/uploads\/2023\/03\/5-1-48x16.jpg 48w\" width=\"1920\" height=\"650\"><\/figure><\/div><div class=\"wpex-carousel-slide textcenter\"><figure class=\"wpex-carousel-entry-media entry-media wpex-mb-20\"><img loading=\"lazy\" decoding=\"async\" data-no-lazy=\"1\" class=\"wpex-align-middle skip-lazy\" src=\"https:\/\/casasartori1898.it\/wp-content\/uploads\/2023\/03\/6-1.jpg\" alt=\"\" srcset=\"https:\/\/casasartori1898.it\/wp-content\/uploads\/2023\/03\/6-1.jpg 1920w, https:\/\/casasartori1898.it\/wp-content\/uploads\/2023\/03\/6-1-300x102.jpg 300w, https:\/\/casasartori1898.it\/wp-content\/uploads\/2023\/03\/6-1-1024x347.jpg 1024w, https:\/\/casasartori1898.it\/wp-content\/uploads\/2023\/03\/6-1-768x260.jpg 768w, https:\/\/casasartori1898.it\/wp-content\/uploads\/2023\/03\/6-1-1536x520.jpg 1536w, https:\/\/casasartori1898.it\/wp-content\/uploads\/2023\/03\/6-1-24x8.jpg 24w, https:\/\/casasartori1898.it\/wp-content\/uploads\/2023\/03\/6-1-36x12.jpg 36w, https:\/\/casasartori1898.it\/wp-content\/uploads\/2023\/03\/6-1-48x16.jpg 48w\" width=\"1920\" height=\"650\"><\/figure><\/div><div class=\"wpex-carousel-slide textcenter\"><figure class=\"wpex-carousel-entry-media entry-media wpex-mb-20\"><img loading=\"lazy\" decoding=\"async\" data-no-lazy=\"1\" class=\"wpex-align-middle skip-lazy\" src=\"https:\/\/casasartori1898.it\/wp-content\/uploads\/2023\/03\/7-1.jpg\" alt=\"\" srcset=\"https:\/\/casasartori1898.it\/wp-content\/uploads\/2023\/03\/7-1.jpg 1920w, https:\/\/casasartori1898.it\/wp-content\/uploads\/2023\/03\/7-1-300x102.jpg 300w, https:\/\/casasartori1898.it\/wp-content\/uploads\/2023\/03\/7-1-1024x347.jpg 1024w, https:\/\/casasartori1898.it\/wp-content\/uploads\/2023\/03\/7-1-768x260.jpg 768w, https:\/\/casasartori1898.it\/wp-content\/uploads\/2023\/03\/7-1-1536x520.jpg 1536w, https:\/\/casasartori1898.it\/wp-content\/uploads\/2023\/03\/7-1-24x8.jpg 24w, https:\/\/casasartori1898.it\/wp-content\/uploads\/2023\/03\/7-1-36x12.jpg 36w, https:\/\/casasartori1898.it\/wp-content\/uploads\/2023\/03\/7-1-48x16.jpg 48w\" width=\"1920\" height=\"650\"><\/figure><\/div><div class=\"wpex-carousel-slide textcenter\"><figure class=\"wpex-carousel-entry-media entry-media wpex-mb-20\"><img loading=\"lazy\" decoding=\"async\" data-no-lazy=\"1\" class=\"wpex-align-middle skip-lazy\" src=\"https:\/\/casasartori1898.it\/wp-content\/uploads\/2023\/03\/8-1-1920x650.jpg\" alt=\"\" srcset=\"https:\/\/casasartori1898.it\/wp-content\/uploads\/2023\/03\/8-1-1920x650.jpg 1920w, https:\/\/casasartori1898.it\/wp-content\/uploads\/2023\/03\/8-1-300x102.jpg 300w, https:\/\/casasartori1898.it\/wp-content\/uploads\/2023\/03\/8-1-1024x348.jpg 1024w, https:\/\/casasartori1898.it\/wp-content\/uploads\/2023\/03\/8-1-768x261.jpg 768w, https:\/\/casasartori1898.it\/wp-content\/uploads\/2023\/03\/8-1-24x8.jpg 24w, https:\/\/casasartori1898.it\/wp-content\/uploads\/2023\/03\/8-1-36x12.jpg 36w, https:\/\/casasartori1898.it\/wp-content\/uploads\/2023\/03\/8-1-48x16.jpg 48w\" width=\"1920\" height=\"650\"><\/figure><\/div><\/div><\/div>[\/vc_column][\/vc_row][vc_row full_width=&#8221;stretch_row&#8221; wpex_bg_overlay=&#8221;color&#8221; el_class=&#8221;margin_top_80&#8243; wpex_bg_overlay_color=&#8221;rgba(0,0,0,0.5)&#8221;][vc_column el_class=&#8221;home_bg_colonna_wine&#8221;][vc_column_text css_animation=&#8221;fadeInLeft&#8221; el_class=&#8221;titolo2&#8243; color=&#8221;#ffffff&#8221; text_transform=&#8221;uppercase&#8221;]\n<h2><span style=\"color: #af8a47;\">YOUR EVENTS<\/span> AT THE WINE SHOP<\/h2>\n[\/vc_column_text][vc_column_text css_animation=&#8221;fadeInRight&#8221; el_class=&#8221;paragrafo margin_top_60 padding_left_34&#8243; color=&#8221;#ffffff&#8221;]<strong>Meetings and special events<\/strong><\/p>\n<p>You can use our Wine Shop to celebrate a birthday, hold a graduation party or organise a small meeting. Set amid our wines, they provide the perfect backdrop for small group events.<\/p>\n<p>The venue can host around fifty people and is equipped with a table with seating for up to 15 guests. In addition, there is a small child\u2019s play area, a particular that makes it a perfect venue for holding family events too.[\/vc_column_text][\/vc_column][\/vc_row][vc_row css_animation=&#8221;fadeInUp&#8221; full_width=&#8221;stretch_row_content&#8221; content_placement=&#8221;middle&#8221; el_class=&#8221;margin_top_190 margin_bottom_80 riga_bottoni&#8221;][vc_column width=&#8221;3\/12&#8243;][\/vc_column][vc_column width=&#8221;6\/12&#8243;][vc_row_inner][vc_column_inner width=&#8221;1\/2&#8243;]<style>.vcex_69e0f16acf201{font-size:26px!important;}@media (max-width:1024px){.vcex_69e0f16acf201{font-size:18px!important;}}@media (max-width:959px){.vcex_69e0f16acf201{font-size:18px!important;}}@media (max-width:767px){.vcex_69e0f16acf201{font-size:18px!important;}}@media (max-width:479px){.vcex_69e0f16acf201{font-size:18px!important;}}<\/style><div class=\"theme-button-wrap textcenter wpex-clr\"><a href=\"https:\/\/casasartori1898.it\/en\/hospitality\/casa-sartori-events\/\" class=\"vcex-button theme-button align-center inline wpex-flex-shrink-0 vcex_69e0f16acf201\" style=\"background:#af8a47;color:#ffffff;font-weight:200;border-radius:0;width:360px;text-transform:uppercase;font-family:Outfit;\" data-wpex-hover=\"{&quot;background&quot;:&quot;#ffffff&quot;,&quot;color&quot;:&quot;#af8a47&quot;}\"><span class=\"theme-button-inner\">CASA SARTORI EVENTS<\/span><\/a><\/div> [\/vc_column_inner][vc_column_inner el_class=&#8221;margin_top_20_mobile&#8221; width=&#8221;1\/2&#8243;]<style>.vcex_69e0f16acf4f7{font-size:26px!important;}@media (max-width:1024px){.vcex_69e0f16acf4f7{font-size:18px!important;}}@media (max-width:959px){.vcex_69e0f16acf4f7{font-size:18px!important;}}@media (max-width:767px){.vcex_69e0f16acf4f7{font-size:18px!important;}}@media (max-width:479px){.vcex_69e0f16acf4f7{font-size:18px!important;}}<\/style><div class=\"theme-button-wrap textcenter wpex-clr\"><a href=\"https:\/\/casasartori1898.it\/en\/hospitality\/private-functions\/\" class=\"vcex-button theme-button align-center inline wpex-flex-shrink-0 vcex_69e0f16acf4f7\" style=\"background:#af8a47;color:#ffffff;font-weight:200;border-radius:0;width:360px;text-transform:uppercase;font-family:Outfit;\" data-wpex-hover=\"{&quot;background&quot;:&quot;#ffffff&quot;,&quot;color&quot;:&quot;#af8a47&quot;}\"><span class=\"theme-button-inner\">PRIVATE FUNCTIONS<\/span><\/a><\/div> [\/vc_column_inner][\/vc_row_inner][\/vc_column][vc_column width=&#8221;3\/12&#8243;][\/vc_column][\/vc_row]\n","protected":false},"excerpt":{"rendered":"<p>[vc_row full_width=&#8221;stretch_row_content_no_spaces&#8221; content_placement=&#8221;middle&#8221; video_bg=&#8221;self_hosted&#8221; video_bg_center=&#8221;true&#8221; video_bg_mp4=&#8221;https:\/\/casasartori1898.it\/wp-content\/uploads\/2023\/02\/SAR_SLIDESHOW_WINESHOP_650.mp4&#8243; el_class=&#8221;ospitalita_riga_slide&#8221;][vc_column][vc_column_text css_animation=&#8221;fadeIn&#8221; text_align=&#8221;center&#8221;][\/vc_column_text][\/vc_column][\/vc_row][vc_row css_animation=&#8221;fadeInUp&#8221; full_width=&#8221;stretch_row_content&#8221; content_placement=&#8221;middle&#8221; el_class=&#8221;home_riga_su_slider riga_bottoni&#8221;][vc_column width=&#8221;3\/12&#8243;][\/vc_column][vc_column width=&#8221;6\/12&#8243;][vc_row_inner][vc_column_inner width=&#8221;1\/2&#8243;][\/vc_column_inner][vc_column_inner el_class=&#8221;margin_top_20_mobile&#8221; width=&#8221;1\/2&#8243;][\/vc_column_inner][\/vc_row_inner][\/vc_column][vc_column width=&#8221;3\/12&#8243;][\/vc_column][\/vc_row][vc_row][vc_column][\/vc_column][\/vc_row][vc_row el_class=&#8221;margin_top_60&#8243;][vc_column][vc_column_text css_animation=&#8221;fadeInRight&#8221; color=&#8221;#ffffff&#8221; el_class=&#8221;titolo2 text_align_right_desktop&#8221;] WELCOME TO THE CASA SARTORI 1898 WINE SHOP [\/vc_column_text][vc_column_text css_animation=&#8221;fadeInLeft&#8221; el_class=&#8221;paragrafo padding_right_33 margin_top_40 margin_top_20_mobile&#8221; color=&#8221;#ffffff&#8221;]Within the walls of our Wine Shop you can experience our family heritage \u2013 one that\u2019s&hellip;<\/p>\n","protected":false},"author":1,"featured_media":0,"parent":2910,"menu_order":0,"comment_status":"closed","ping_status":"closed","template":"","meta":{"_acf_changed":false,"inline_featured_image":false,"footnotes":""},"class_list":["post-2933","page","type-page","status-publish","hentry","entry","no-media"],"acf":[],"_links":{"self":[{"href":"https:\/\/casasartori1898.it\/en\/wp-json\/wp\/v2\/pages\/2933","targetHints":{"allow":["GET"]}}],"collection":[{"href":"https:\/\/casasartori1898.it\/en\/wp-json\/wp\/v2\/pages"}],"about":[{"href":"https:\/\/casasartori1898.it\/en\/wp-json\/wp\/v2\/types\/page"}],"author":[{"embeddable":true,"href":"https:\/\/casasartori1898.it\/en\/wp-json\/wp\/v2\/users\/1"}],"replies":[{"embeddable":true,"href":"https:\/\/casasartori1898.it\/en\/wp-json\/wp\/v2\/comments?post=2933"}],"version-history":[{"count":5,"href":"https:\/\/casasartori1898.it\/en\/wp-json\/wp\/v2\/pages\/2933\/revisions"}],"predecessor-version":[{"id":3189,"href":"https:\/\/casasartori1898.it\/en\/wp-json\/wp\/v2\/pages\/2933\/revisions\/3189"}],"up":[{"embeddable":true,"href":"https:\/\/casasartori1898.it\/en\/wp-json\/wp\/v2\/pages\/2910"}],"wp:attachment":[{"href":"https:\/\/casasartori1898.it\/en\/wp-json\/wp\/v2\/media?parent=2933"}],"curies":[{"name":"wp","href":"https:\/\/api.w.org\/{rel}","templated":true}]}}